{"id":73020,"date":"2025-02-13T14:14:38","date_gmt":"2025-02-13T13:14:38","guid":{"rendered":"https:\/\/sunew.pl\/?post_type=product&#038;p=73020"},"modified":"2026-05-13T14:40:32","modified_gmt":"2026-05-13T12:40:32","slug":"sunewmed-jojoba-oil-hand-mask-gifts","status":"publish","type":"product","link":"https:\/\/sunew.pl\/en\/produkt\/sunewmed-jojoba-oil-hand-mask-gifts\/","title":{"rendered":"SunewMed+ Jojoba Oil Hand Mask GIFTS"},"content":{"rendered":"<p>An intensely rejuvenating hand mask enriched with jojoba oil, olive extract, and Meadowfoam seed oil. Ideal for damaged and dry hands. It supports skin firming and smoothing.<\/p>\n","protected":false},"excerpt":{"rendered":"<p>An intensely rejuvenating hand mask enriched with jojoba oil, olive extract, and Meadowfoam seed oil. Ideal for damaged and dry hands. It supports skin firming and smoothing.<\/p>\n","protected":false},"featured_media":28607,"comment_status":"open","ping_status":"closed","template":"","meta":{"_acf_changed":false},"product_brand":[],"product_cat":[91],"product_tag":[],"class_list":{"0":"post-73020","1":"product","2":"type-product","3":"status-publish","4":"has-post-thumbnail","6":"product_cat-hands","8":"first","9":"outofstock","10":"taxable","11":"shipping-taxable","12":"purchasable","13":"product-type-simple"},"acf":[],"yoast_head":"<!-- This site is optimized with the Yoast SEO plugin v27.5 - https:\/\/yoast.com\/product\/yoast-seo-wordpress\/ -->\n<title>SunewMed+ Jojoba Oil Hand Mask GIFTS | SunewMed+<\/title>\n<meta name=\"robots\" content=\"index, nofollow, max-snippet:-1, max-image-preview:large, max-video-preview:-1\" \/>\n<link rel=\"canonical\" href=\"https:\/\/sunew.pl\/en\/produkt\/sunewmed-jojoba-oil-hand-mask-gifts\/\" \/>\n<meta property=\"og:locale\" content=\"en_US\" \/>\n<meta property=\"og:type\" content=\"article\" \/>\n<meta property=\"og:title\" content=\"SunewMed+ Jojoba Oil Hand Mask GIFTS | SunewMed+\" \/>\n<meta property=\"og:description\" content=\"An intensely rejuvenating hand mask enriched with jojoba oil, olive extract, and Meadowfoam seed oil. Ideal for damaged and dry hands. It supports skin firming and smoothing.\" \/>\n<meta property=\"og:url\" content=\"https:\/\/sunew.pl\/en\/produkt\/sunewmed-jojoba-oil-hand-mask-gifts\/\" \/>\n<meta property=\"og:site_name\" content=\"SunewMed+\" \/>\n<meta property=\"article:modified_time\" content=\"2026-05-13T12:40:32+00:00\" \/>\n<meta property=\"og:image\" content=\"https:\/\/sunew.pl\/wp-content\/uploads\/2024\/04\/1080x1080_maska_olive_bg.png\" \/>\n\t<meta property=\"og:image:width\" content=\"1080\" \/>\n\t<meta property=\"og:image:height\" content=\"1080\" \/>\n\t<meta property=\"og:image:type\" content=\"image\/png\" \/>\n<meta name=\"twitter:card\" content=\"summary_large_image\" \/>\n<meta name=\"twitter:label1\" content=\"Est. reading time\" \/>\n\t<meta name=\"twitter:data1\" content=\"1 minute\" \/>\n<script type=\"application\/ld+json\" class=\"yoast-schema-graph\">{\"@context\":\"https:\\\/\\\/schema.org\",\"@graph\":[{\"@type\":\"WebPage\",\"@id\":\"https:\\\/\\\/sunew.pl\\\/en\\\/produkt\\\/sunewmed-jojoba-oil-hand-mask-gifts\\\/\",\"url\":\"https:\\\/\\\/sunew.pl\\\/en\\\/produkt\\\/sunewmed-jojoba-oil-hand-mask-gifts\\\/\",\"name\":\"SunewMed+ Jojoba Oil Hand Mask GIFTS | SunewMed+\",\"isPartOf\":{\"@id\":\"https:\\\/\\\/sunew.pl\\\/#website\"},\"primaryImageOfPage\":{\"@id\":\"https:\\\/\\\/sunew.pl\\\/en\\\/produkt\\\/sunewmed-jojoba-oil-hand-mask-gifts\\\/#primaryimage\"},\"image\":{\"@id\":\"https:\\\/\\\/sunew.pl\\\/en\\\/produkt\\\/sunewmed-jojoba-oil-hand-mask-gifts\\\/#primaryimage\"},\"thumbnailUrl\":\"https:\\\/\\\/sunew.pl\\\/wp-content\\\/uploads\\\/2024\\\/04\\\/1080x1080_maska_olive_bg.png\",\"datePublished\":\"2025-02-13T13:14:38+00:00\",\"dateModified\":\"2026-05-13T12:40:32+00:00\",\"breadcrumb\":{\"@id\":\"https:\\\/\\\/sunew.pl\\\/en\\\/produkt\\\/sunewmed-jojoba-oil-hand-mask-gifts\\\/#breadcrumb\"},\"inLanguage\":\"en-US\",\"potentialAction\":[{\"@type\":\"ReadAction\",\"target\":[\"https:\\\/\\\/sunew.pl\\\/en\\\/produkt\\\/sunewmed-jojoba-oil-hand-mask-gifts\\\/\"]}]},{\"@type\":\"ImageObject\",\"inLanguage\":\"en-US\",\"@id\":\"https:\\\/\\\/sunew.pl\\\/en\\\/produkt\\\/sunewmed-jojoba-oil-hand-mask-gifts\\\/#primaryimage\",\"url\":\"https:\\\/\\\/sunew.pl\\\/wp-content\\\/uploads\\\/2024\\\/04\\\/1080x1080_maska_olive_bg.png\",\"contentUrl\":\"https:\\\/\\\/sunew.pl\\\/wp-content\\\/uploads\\\/2024\\\/04\\\/1080x1080_maska_olive_bg.png\",\"width\":1080,\"height\":1080,\"caption\":\"Maska do r\u0105k z oliw\u0105 z oliwek i bia\u0142\u0105 r\u0119kawiczk\u0105.\"},{\"@type\":\"BreadcrumbList\",\"@id\":\"https:\\\/\\\/sunew.pl\\\/en\\\/produkt\\\/sunewmed-jojoba-oil-hand-mask-gifts\\\/#breadcrumb\",\"itemListElement\":[{\"@type\":\"ListItem\",\"position\":1,\"name\":\"Home\",\"item\":\"https:\\\/\\\/sunew.pl\\\/en\\\/\"},{\"@type\":\"ListItem\",\"position\":2,\"name\":\"Store\",\"item\":\"https:\\\/\\\/sunew.pl\\\/en\\\/store\\\/\"},{\"@type\":\"ListItem\",\"position\":3,\"name\":\"D\u0142onie\",\"item\":\"https:\\\/\\\/sunew.pl\\\/kategoria-produktu\\\/dlonie\\\/\"},{\"@type\":\"ListItem\",\"position\":4,\"name\":\"SunewMed+ Jojoba Oil Hand Mask GIFTS\"}]},{\"@type\":\"WebSite\",\"@id\":\"https:\\\/\\\/sunew.pl\\\/#website\",\"url\":\"https:\\\/\\\/sunew.pl\\\/\",\"name\":\"SunewMed+\",\"description\":\"Kosmetyki Profesjonalne - Dermatologiczne i Apteczne\",\"potentialAction\":[{\"@type\":\"SearchAction\",\"target\":{\"@type\":\"EntryPoint\",\"urlTemplate\":\"https:\\\/\\\/sunew.pl\\\/?s={search_term_string}\"},\"query-input\":{\"@type\":\"PropertyValueSpecification\",\"valueRequired\":true,\"valueName\":\"search_term_string\"}}],\"inLanguage\":\"en-US\"}]}<\/script>\n<!-- \/ Yoast SEO plugin. -->","yoast_head_json":{"title":"SunewMed+ Jojoba Oil Hand Mask GIFTS | SunewMed+","robots":{"index":"index","follow":"nofollow","max-snippet":"max-snippet:-1","max-image-preview":"max-image-preview:large","max-video-preview":"max-video-preview:-1"},"canonical":"https:\/\/sunew.pl\/en\/produkt\/sunewmed-jojoba-oil-hand-mask-gifts\/","og_locale":"en_US","og_type":"article","og_title":"SunewMed+ Jojoba Oil Hand Mask GIFTS | SunewMed+","og_description":"An intensely rejuvenating hand mask enriched with jojoba oil, olive extract, and Meadowfoam seed oil. Ideal for damaged and dry hands. It supports skin firming and smoothing.","og_url":"https:\/\/sunew.pl\/en\/produkt\/sunewmed-jojoba-oil-hand-mask-gifts\/","og_site_name":"SunewMed+","article_modified_time":"2026-05-13T12:40:32+00:00","og_image":[{"width":1080,"height":1080,"url":"https:\/\/sunew.pl\/wp-content\/uploads\/2024\/04\/1080x1080_maska_olive_bg.png","type":"image\/png"}],"twitter_card":"summary_large_image","twitter_misc":{"Est. reading time":"1 minute"},"schema":{"@context":"https:\/\/schema.org","@graph":[{"@type":"WebPage","@id":"https:\/\/sunew.pl\/en\/produkt\/sunewmed-jojoba-oil-hand-mask-gifts\/","url":"https:\/\/sunew.pl\/en\/produkt\/sunewmed-jojoba-oil-hand-mask-gifts\/","name":"SunewMed+ Jojoba Oil Hand Mask GIFTS | SunewMed+","isPartOf":{"@id":"https:\/\/sunew.pl\/#website"},"primaryImageOfPage":{"@id":"https:\/\/sunew.pl\/en\/produkt\/sunewmed-jojoba-oil-hand-mask-gifts\/#primaryimage"},"image":{"@id":"https:\/\/sunew.pl\/en\/produkt\/sunewmed-jojoba-oil-hand-mask-gifts\/#primaryimage"},"thumbnailUrl":"https:\/\/sunew.pl\/wp-content\/uploads\/2024\/04\/1080x1080_maska_olive_bg.png","datePublished":"2025-02-13T13:14:38+00:00","dateModified":"2026-05-13T12:40:32+00:00","breadcrumb":{"@id":"https:\/\/sunew.pl\/en\/produkt\/sunewmed-jojoba-oil-hand-mask-gifts\/#breadcrumb"},"inLanguage":"en-US","potentialAction":[{"@type":"ReadAction","target":["https:\/\/sunew.pl\/en\/produkt\/sunewmed-jojoba-oil-hand-mask-gifts\/"]}]},{"@type":"ImageObject","inLanguage":"en-US","@id":"https:\/\/sunew.pl\/en\/produkt\/sunewmed-jojoba-oil-hand-mask-gifts\/#primaryimage","url":"https:\/\/sunew.pl\/wp-content\/uploads\/2024\/04\/1080x1080_maska_olive_bg.png","contentUrl":"https:\/\/sunew.pl\/wp-content\/uploads\/2024\/04\/1080x1080_maska_olive_bg.png","width":1080,"height":1080,"caption":"Maska do r\u0105k z oliw\u0105 z oliwek i bia\u0142\u0105 r\u0119kawiczk\u0105."},{"@type":"BreadcrumbList","@id":"https:\/\/sunew.pl\/en\/produkt\/sunewmed-jojoba-oil-hand-mask-gifts\/#breadcrumb","itemListElement":[{"@type":"ListItem","position":1,"name":"Home","item":"https:\/\/sunew.pl\/en\/"},{"@type":"ListItem","position":2,"name":"Store","item":"https:\/\/sunew.pl\/en\/store\/"},{"@type":"ListItem","position":3,"name":"D\u0142onie","item":"https:\/\/sunew.pl\/kategoria-produktu\/dlonie\/"},{"@type":"ListItem","position":4,"name":"SunewMed+ Jojoba Oil Hand Mask GIFTS"}]},{"@type":"WebSite","@id":"https:\/\/sunew.pl\/#website","url":"https:\/\/sunew.pl\/","name":"SunewMed+","description":"Kosmetyki Profesjonalne - Dermatologiczne i Apteczne","potentialAction":[{"@type":"SearchAction","target":{"@type":"EntryPoint","urlTemplate":"https:\/\/sunew.pl\/?s={search_term_string}"},"query-input":{"@type":"PropertyValueSpecification","valueRequired":true,"valueName":"search_term_string"}}],"inLanguage":"en-US"}]}},"_links":{"self":[{"href":"https:\/\/sunew.pl\/en\/wp-json\/wp\/v2\/product\/73020","targetHints":{"allow":["GET"]}}],"collection":[{"href":"https:\/\/sunew.pl\/en\/wp-json\/wp\/v2\/product"}],"about":[{"href":"https:\/\/sunew.pl\/en\/wp-json\/wp\/v2\/types\/product"}],"replies":[{"embeddable":true,"href":"https:\/\/sunew.pl\/en\/wp-json\/wp\/v2\/comments?post=73020"}],"wp:featuredmedia":[{"embeddable":true,"href":"https:\/\/sunew.pl\/en\/wp-json\/wp\/v2\/media\/28607"}],"wp:attachment":[{"href":"https:\/\/sunew.pl\/en\/wp-json\/wp\/v2\/media?parent=73020"}],"wp:term":[{"taxonomy":"product_brand","embeddable":true,"href":"https:\/\/sunew.pl\/en\/wp-json\/wp\/v2\/product_brand?post=73020"},{"taxonomy":"product_cat","embeddable":true,"href":"https:\/\/sunew.pl\/en\/wp-json\/wp\/v2\/product_cat?post=73020"},{"taxonomy":"product_tag","embeddable":true,"href":"https:\/\/sunew.pl\/en\/wp-json\/wp\/v2\/product_tag?post=73020"}],"curies":[{"name":"wp","href":"https:\/\/api.w.org\/{rel}","templated":true}]}}